{"id":6110,"date":"2021-07-12T14:18:33","date_gmt":"2021-07-12T12:18:33","guid":{"rendered":"https:\/\/adellink.de\/?page_id=6110"},"modified":"2026-04-01T13:54:52","modified_gmt":"2026-04-01T11:54:52","slug":"junior-consultant","status":"publish","type":"page","link":"https:\/\/adellink.de\/en\/karriere\/junior-consultant\/","title":{"rendered":"Stellenanzeige &#8211; Junior Consultant"},"content":{"rendered":"<div class=\"wpb-content-wrapper\"><p>[vc_row css_animation=&#8221;&#8221; row_type=&#8221;row&#8221; use_row_as_full_screen_section=&#8221;no&#8221; type=&#8221;full_width&#8221; angled_section=&#8221;no&#8221; text_align=&#8221;left&#8221; background_image_as_pattern=&#8221;without_pattern&#8221; z_index=&#8221;&#8221; css=&#8221;.vc_custom_1582728729893{background-color: #f5f5f5 !important;}&#8221;][vc_column offset=&#8221;vc_hidden-sm vc_hidden-xs&#8221;][vc_empty_space height=&#8221;200px&#8221;][\/vc_column][\/vc_row][vc_row css_animation=&#8221;&#8221; row_type=&#8221;row&#8221; use_row_as_full_screen_section=&#8221;no&#8221; type=&#8221;full_width&#8221; angled_section=&#8221;no&#8221; text_align=&#8221;left&#8221; background_image_as_pattern=&#8221;without_pattern&#8221; z_index=&#8221;&#8221; css=&#8221;.vc_custom_1582728729893{background-color: #f5f5f5 !important;}&#8221;][vc_column offset=&#8221;vc_hidden-lg vc_hidden-md&#8221;][vc_empty_space height=&#8221;50px&#8221;][\/vc_column][\/vc_row][vc_row css_animation=&#8221;&#8221; row_type=&#8221;row&#8221; use_row_as_full_screen_section=&#8221;no&#8221; type=&#8221;grid&#8221; angled_section=&#8221;no&#8221; text_align=&#8221;left&#8221; background_image_as_pattern=&#8221;without_pattern&#8221; z_index=&#8221;&#8221;][vc_column css=&#8221;.vc_custom_1585702231463{padding-right: 80px !important;}&#8221; offset=&#8221;vc_hidden-lg&#8221;][vc_column_text]<\/p>\n<h2 style=\"text-align: left;\"><span style=\"color: #000000;\">Job Angebot<\/span><\/h2>\n<p>[\/vc_column_text][vc_row_inner row_type=&#8221;row&#8221; type=&#8221;full_width&#8221; text_align=&#8221;left&#8221; css_animation=&#8221;&#8221;][vc_column_inner width=&#8221;1\/4&#8243;][vc_separator type=&#8221;normal&#8221; color=&#8221;#49cad8&#8243; thickness=&#8221;5&#8243; el_class=&#8221;line_mobile&#8221;][\/vc_column_inner][vc_column_inner width=&#8221;1\/4&#8243;][\/vc_column_inner][vc_column_inner width=&#8221;1\/4&#8243;][\/vc_column_inner][vc_column_inner width=&#8221;1\/4&#8243;][\/vc_column_inner][\/vc_row_inner][\/vc_column][\/vc_row][vc_row css_animation=&#8221;&#8221; row_type=&#8221;row&#8221; use_row_as_full_screen_section=&#8221;no&#8221; type=&#8221;grid&#8221; angled_section=&#8221;no&#8221; text_align=&#8221;left&#8221; background_image_as_pattern=&#8221;without_pattern&#8221; z_index=&#8221;&#8221;][vc_column width=&#8221;1\/3&#8243; css=&#8221;.vc_custom_1585702235650{padding-right: 80px !important;}&#8221; offset=&#8221;vc_hidden-md vc_hidden-sm vc_hidden-xs&#8221;][vc_column_text el_class=&#8221;mobile black&#8221;]<\/p>\n<h2 style=\"text-align: right;\"><span style=\"color: #000000;\">Stellenanzeige<\/span><\/h2>\n<p>[\/vc_column_text][vc_row_inner row_type=&#8221;row&#8221; type=&#8221;full_width&#8221; text_align=&#8221;left&#8221; css_animation=&#8221;&#8221;][vc_column_inner width=&#8221;1\/4&#8243;][\/vc_column_inner][vc_column_inner width=&#8221;1\/4&#8243;][\/vc_column_inner][vc_column_inner width=&#8221;1\/4&#8243;][\/vc_column_inner][vc_column_inner width=&#8221;1\/4&#8243;][vc_separator type=&#8221;normal&#8221; color=&#8221;#49cad8&#8243; thickness=&#8221;5&#8243; el_class=&#8221;line_mobile&#8221;][\/vc_column_inner][\/vc_row_inner][\/vc_column][vc_column width=&#8221;2\/3&#8243;][vc_column_text css=&#8221;&#8221; el_class=&#8221;black&#8221;]<\/p>\n<h2><span style=\"color: #000000; font-size: 27px;\">Junior Consultant<\/span><\/h2>\n<p>[\/vc_column_text][vc_column_text el_class=&#8221;black&#8221;]M \/ W \/ D[\/vc_column_text][vc_empty_space][vc_column_text css=&#8221;&#8221; el_class=&#8221;black&#8221;]Komplexe Themen f\u00fcr Medien und Kund:innen aufzuarbeiten ist dein Ding? Du denkst \u00fcber den Tellerrand hinaus und bist kreativ? Und du hast Lust auf eine kreative, international agierende Agentur mit B\u00fcrohund? Dann werde Teil unseres Teams! Wir bieten spannende Kund:innen und entspannte Kolleg:innen. Wir stellen positive Pers\u00f6nlichkeiten ein, die offen auf Menschen zugehen, tolerant sind, Respekt vor Kulturen haben, pers\u00f6nliche Bindungen aufbauen und diese langfristig pflegen.<\/p>\n<p>&nbsp;<\/p>\n<p><strong>Das bringst du mit:<\/strong><\/p>\n<p>&nbsp;<\/p>\n<p>\u2022 Du hast dein Hochschulstudium (idealerweise Geistes-, Politik-, Sozial-, Sprach-, Medien- oder Kommunikationswissenschaften und\/oder BWL) und verschiedene Praktika im Medien- und Kommunikationsbereich erfolgreich abgeschlossen<\/p>\n<p>\u2022 Du kennst dich sehr gut in der Medienlandschaft aus und auch Social Media ist f\u00fcr dich kein Neuland, sondern vielmehr die zweite Heimat<\/p>\n<p>\u2022 Du beherrschst Deutsch perfekt und Englisch sehr gut in Wort &amp; Schrift<\/p>\n<p>\u2022 Du kn\u00fcpfst schnell Kontakte und arbeitest gerne international<\/p>\n<p>\u2022 Du bist neugierig, arbeitest dich schnell in Themen ein und bist gut organisiert<\/p>\n<p>\u2022 Du feierst lieber gemeinsam Erfolge als dich einsam durchzuk\u00e4mpfen und bringst dich gerne mit kreativen Ideen und Engagement ins Team ein<\/p>\n<p>\u2022 Du stellst h\u00f6chste Qualit\u00e4tsanspr\u00fcche an deine Arbeit, achtest auf Details und h\u00e4ltst Termine zuverl\u00e4ssig ein<\/p>\n<p>&nbsp;<\/p>\n<p><strong>Das bieten wir:<\/strong><\/p>\n<p>&nbsp;<\/p>\n<p>\u2022 Eine verantwortungsvolle Position mit abwechslungsreichen Aufgaben f\u00fcr nationale und internationale Kunden.<\/p>\n<p>\u2022 Eine sympathische inhaber:innengef\u00fchrte Agentur, weltweit vernetzt mit Partneragenturen.<\/p>\n<p>\u2022 Bei uns bekommst du Freiraum, um kreativ zu arbeiten und dich mit Trends auseinanderzusetzen \u2013 diese Liebe f\u00fcr das, was uns inspiriert, macht unsere Arbeit und die Agentur aus.<\/p>\n<p>\u2022 Uns ist wichtig, leidenschaftlich zu arbeiten, aber auch die Balance zwischen Arbeit und Privatleben zu wahren. Wir gehen offen und fair miteinander um und leben diese Werte auch im Umgang mit unseren Kund:innen.<\/p>\n<p>&nbsp;<\/p>\n<p><strong>Urlaub und Blau-mach-Tag<\/strong><br \/>\nAlle Kolleg:innen haben 30 Tage Urlaub pro Jahr. Zus\u00e4tzlich erm\u00f6glichen wir einen freien Tag im Monat, um mehr Freizeit f\u00fcr Kreativit\u00e4t und Erholung zu schaffen. Mit diesem Blau-mach-Tag erh\u00f6hen sich die Urlaubstage auf 42 Tage. Denn wir wissen: Die besten Ideen entstehen oft nicht am Schreibtisch. Der Blau-mach-Tag soll unseren Mitarbeiter:innen die M\u00f6glichkeit geben, sich \u00fcber den Rand des MacBooks hinaus inspirieren zu lassen und das zu tun, was ihnen guttut. Das k\u00f6nnen auch soziale und gesellschaftliche Aktivit\u00e4ten oder ein Ehrenamt sein.<\/p>\n<p>&nbsp;<\/p>\n<p><strong>Mobiles Arbeiten und \u201eworking away from home\u201c\u00a0<\/strong><br \/>\nWir bieten mobiles Arbeiten von zu Hause an drei Tagen pro Woche an. Alle k\u00f6nnen aber auch t\u00e4glich ins B\u00fcro kommen, wenn ihnen die pers\u00f6nliche Zusammenarbeit mit den Kolleg:innen lieber ist. Auch \u201eworking from anywhere\u201c \u00fcber einen l\u00e4ngeren Zeitraum erm\u00f6glichen wir nach Absprache gern. Bei uns k\u00f6nnen alle Kolleg:innen flexibel und in Teilzeit arbeiten. \u00dcberstunden sind eher selten und werden fair ausgeglichen. Alle Kolleg:innen erhalten eine moderne Arbeitsausstattung mit MacBookPro und iPhone.<\/p>\n<p>&nbsp;<\/p>\n<p><strong>Trainings und Weiterentwicklung\u00a0<\/strong><br \/>\nWir stellen allen Kolleg:innen ein j\u00e4hrliches Budget f\u00fcr externe und interne Weiterbildungen zur Verf\u00fcgung und organisieren regelm\u00e4\u00dfig Teamtrainings. In unserer internen Storyteller-Academy werden die wichtigsten Grundlagen der PR-Arbeit vertieft. Dar\u00fcber hinaus teilen unsere Kolleg:innen im Rahmen einer Inspirational Hour aktuelle Themen der Kommunikationswelt, auf die sie in interessanten Talks, Webinaren und Trainings gesto\u00dfen sind. Regelm\u00e4\u00dfige Feedbackgespr\u00e4che zur eigenen Weiterentwicklung runden das Trainings- und Weiterbildungsangebot ab.<\/p>\n<p>&nbsp;<\/p>\n<p><strong>Agenturevents\u00a0<\/strong><br \/>\nWir lieben Agenturevents, weil sie Zeit und Raum f\u00fcr pers\u00f6nlichen Austausch, gemeinsames Lachen und die gegenseitige Inspiration bieten. Damit meinen wir nicht nur die j\u00e4hrliche Weihnachtsfeier, sondern regelm\u00e4\u00dfige Fr\u00fchst\u00fccke, After-Work-Events und Ausfl\u00fcge.<\/p>\n<p>&nbsp;<\/p>\n<p>Wir freuen uns auf deine <strong>vollst\u00e4ndige Bewerbung<\/strong> (Anschreiben, Lebenslauf, alle Zeugnisse). Bitte schick uns deine <strong>Unterlagen auf Deutsch<\/strong> an <a href=\"mailto:karriere@adellink.de\">karriere@adellink.de<\/a>.[\/vc_column_text][\/vc_column][\/vc_row][vc_row css_animation=&#8221;&#8221; row_type=&#8221;row&#8221; use_row_as_full_screen_section=&#8221;no&#8221; type=&#8221;full_width&#8221; angled_section=&#8221;no&#8221; text_align=&#8221;left&#8221; background_image_as_pattern=&#8221;without_pattern&#8221; z_index=&#8221;&#8221; css=&#8221;.vc_custom_1582728729893{background-color: #f5f5f5 !important;}&#8221;][vc_column offset=&#8221;vc_hidden-sm vc_hidden-xs&#8221;][vc_empty_space height=&#8221;200px&#8221;][\/vc_column][\/vc_row][vc_row css_animation=&#8221;&#8221; row_type=&#8221;row&#8221; use_row_as_full_screen_section=&#8221;no&#8221; type=&#8221;full_width&#8221; angled_section=&#8221;no&#8221; text_align=&#8221;left&#8221; background_image_as_pattern=&#8221;without_pattern&#8221; z_index=&#8221;&#8221; css=&#8221;.vc_custom_1582728729893{background-color: #f5f5f5 !important;}&#8221;][vc_column offset=&#8221;vc_hidden-lg vc_hidden-md&#8221;][vc_empty_space height=&#8221;50px&#8221;][\/vc_column][\/vc_row]<\/p>\n<\/div>","protected":false},"excerpt":{"rendered":"<p>[vc_row css_animation=&#8221;&#8221; row_type=&#8221;row&#8221; use_row_as_full_screen_section=&#8221;no&#8221; type=&#8221;full_width&#8221; angled_section=&#8221;no&#8221; text_align=&#8221;left&#8221; background_image_as_pattern=&#8221;without_pattern&#8221; z_index=&#8221;&#8221; css=&#8221;.vc_custom_1582728729893{background-color: #f5f5f5 !important;}&#8221;][vc_column offset=&#8221;vc_hidden-sm vc_hidden-xs&#8221;][vc_empty_space height=&#8221;200px&#8221;][\/vc_column][\/vc_row][vc_row css_animation=&#8221;&#8221; row_type=&#8221;row&#8221; use_row_as_full_screen_section=&#8221;no&#8221; type=&#8221;full_width&#8221; angled_section=&#8221;no&#8221; text_align=&#8221;left&#8221; background_image_as_pattern=&#8221;without_pattern&#8221; z_index=&#8221;&#8221; css=&#8221;.vc_custom_1582728729893{background-color: #f5f5f5 !important;}&#8221;][vc_column offset=&#8221;vc_hidden-lg vc_hidden-md&#8221;][vc_empty_space height=&#8221;50px&#8221;][\/vc_column][\/vc_row][vc_row css_animation=&#8221;&#8221; row_type=&#8221;row&#8221; use_row_as_full_screen_section=&#8221;no&#8221; type=&#8221;grid&#8221; angled_section=&#8221;no&#8221; text_align=&#8221;left&#8221; background_image_as_pattern=&#8221;without_pattern&#8221; z_index=&#8221;&#8221;][vc_column css=&#8221;.vc_custom_1585702231463{padding-right: 80px !important;}&#8221; offset=&#8221;vc_hidden-lg&#8221;][vc_column_text] Job Angebot [\/vc_column_text][vc_row_inner row_type=&#8221;row&#8221;&#8230;<\/p>\n","protected":false},"author":15,"featured_media":0,"parent":34,"menu_order":1,"comment_status":"closed","ping_status":"closed","template":"full_width.php","meta":{"_monsterinsights_skip_tracking":false,"_monsterinsights_sitenote_active":false,"_monsterinsights_sitenote_note":"","_monsterinsights_sitenote_category":0,"footnotes":""},"class_list":["post-6110","page","type-page","status-publish","hentry"],"translation":{"provider":"WPGlobus","version":"3.0.2","language":"en","enabled_languages":["de","en"],"languages":{"de":{"title":true,"content":true,"excerpt":false},"en":{"title":true,"content":false,"excerpt":false}}},"yoast_head":"<!-- This site is optimized with the Yoast SEO plugin v27.3 - https:\/\/yoast.com\/product\/yoast-seo-wordpress\/ -->\n<title>Stellenanzeige - Junior Consultant | Adel &amp; Link Public Relations<\/title>\n<meta name=\"robots\" content=\"index, follow, max-snippet:-1, max-image-preview:large, max-video-preview:-1\" \/>\n<link rel=\"canonical\" href=\"https:\/\/adellink.de\/karriere\/junior-consultant\/\" \/>\n<meta property=\"og:locale\" content=\"en_US\" \/>\n<meta property=\"og:type\" content=\"article\" \/>\n<meta property=\"og:title\" content=\"Stellenanzeige - Junior Consultant | Adel &amp; Link Public Relations\" \/>\n<meta property=\"og:url\" content=\"https:\/\/adellink.de\/karriere\/junior-consultant\/\" \/>\n<meta property=\"og:site_name\" content=\"Adel &amp; Link Public Relations\" \/>\n<meta property=\"article:publisher\" content=\"https:\/\/www.facebook.com\/adellinkpr\/\" \/>\n<meta property=\"article:modified_time\" content=\"2026-04-01T11:54:52+00:00\" \/>\n<meta name=\"twitter:card\" content=\"summary_large_image\" \/>\n<meta name=\"twitter:site\" content=\"@adellinkpr\" \/>\n<script type=\"application\/ld+json\" class=\"yoast-schema-graph\">{\"@context\":\"https:\\\/\\\/schema.org\",\"@graph\":[{\"@type\":\"WebPage\",\"@id\":\"https:\\\/\\\/adellink.de\\\/karriere\\\/junior-consultant\\\/\",\"url\":\"https:\\\/\\\/adellink.de\\\/karriere\\\/junior-consultant\\\/\",\"name\":\"Stellenanzeige - Junior Consultant | Adel &amp; Link Public Relations\",\"isPartOf\":{\"@id\":\"https:\\\/\\\/adellink.de\\\/en\\\/#website\"},\"datePublished\":\"2021-07-12T12:18:33+00:00\",\"dateModified\":\"2026-04-01T11:54:52+00:00\",\"breadcrumb\":{\"@id\":\"https:\\\/\\\/adellink.de\\\/karriere\\\/junior-consultant\\\/#breadcrumb\"},\"inLanguage\":\"en-US\",\"potentialAction\":[{\"@type\":\"ReadAction\",\"target\":[\"https:\\\/\\\/adellink.de\\\/karriere\\\/junior-consultant\\\/\"]}]},{\"@type\":\"BreadcrumbList\",\"@id\":\"https:\\\/\\\/adellink.de\\\/karriere\\\/junior-consultant\\\/#breadcrumb\",\"itemListElement\":[{\"@type\":\"ListItem\",\"position\":1,\"name\":\"Startseite\",\"item\":\"https:\\\/\\\/adellink.de\\\/\"},{\"@type\":\"ListItem\",\"position\":2,\"name\":\"Karriere\",\"item\":\"https:\\\/\\\/adellink.de\\\/karriere\\\/\"},{\"@type\":\"ListItem\",\"position\":3,\"name\":\"Stellenanzeige &#8211; Junior Consultant\"}]},{\"@type\":\"WebSite\",\"@id\":\"https:\\\/\\\/adellink.de\\\/en\\\/#website\",\"url\":\"https:\\\/\\\/adellink.de\\\/en\\\/\",\"name\":\"Adel & Link Public Relations\",\"description\":\"\",\"publisher\":{\"@id\":\"https:\\\/\\\/adellink.de\\\/en\\\/#organization\"},\"potentialAction\":[{\"@type\":\"SearchAction\",\"target\":{\"@type\":\"EntryPoint\",\"urlTemplate\":\"https:\\\/\\\/adellink.de\\\/en\\\/?s={search_term_string}\"},\"query-input\":{\"@type\":\"PropertyValueSpecification\",\"valueRequired\":true,\"valueName\":\"search_term_string\"}}],\"inLanguage\":\"en-US\"},{\"@type\":\"Organization\",\"@id\":\"https:\\\/\\\/adellink.de\\\/en\\\/#organization\",\"name\":\"Adel&Link Public Relations\",\"url\":\"https:\\\/\\\/adellink.de\\\/en\\\/\",\"logo\":{\"@type\":\"ImageObject\",\"inLanguage\":\"en-US\",\"@id\":\"https:\\\/\\\/adellink.de\\\/en\\\/#\\\/schema\\\/logo\\\/image\\\/\",\"url\":\"https:\\\/\\\/adellink.de\\\/wp-content\\\/uploads\\\/2020\\\/09\\\/2019_al_logo_BK_300px.png\",\"contentUrl\":\"https:\\\/\\\/adellink.de\\\/wp-content\\\/uploads\\\/2020\\\/09\\\/2019_al_logo_BK_300px.png\",\"width\":1251,\"height\":376,\"caption\":\"Adel&Link Public Relations\"},\"image\":{\"@id\":\"https:\\\/\\\/adellink.de\\\/en\\\/#\\\/schema\\\/logo\\\/image\\\/\"},\"sameAs\":[\"https:\\\/\\\/www.facebook.com\\\/adellinkpr\\\/\",\"https:\\\/\\\/x.com\\\/adellinkpr\",\"https:\\\/\\\/www.instagram.com\\\/adellinkpr\\\/?hl=de\",\"https:\\\/\\\/www.linkedin.com\\\/company\\\/adel-&amp;-link-public-relations\\\/?originalSubdomain=de\"]}]}<\/script>\n<!-- \/ Yoast SEO plugin. -->","yoast_head_json":{"title":"Stellenanzeige - Junior Consultant | Adel &amp; Link Public Relations","robots":{"index":"index","follow":"follow","max-snippet":"max-snippet:-1","max-image-preview":"max-image-preview:large","max-video-preview":"max-video-preview:-1"},"canonical":"https:\/\/adellink.de\/karriere\/junior-consultant\/","og_locale":"en_US","og_type":"article","og_title":"Stellenanzeige - Junior Consultant | Adel &amp; Link Public Relations","og_url":"https:\/\/adellink.de\/karriere\/junior-consultant\/","og_site_name":"Adel &amp; Link Public Relations","article_publisher":"https:\/\/www.facebook.com\/adellinkpr\/","article_modified_time":"2026-04-01T11:54:52+00:00","twitter_card":"summary_large_image","twitter_site":"@adellinkpr","schema":{"@context":"https:\/\/schema.org","@graph":[{"@type":"WebPage","@id":"https:\/\/adellink.de\/karriere\/junior-consultant\/","url":"https:\/\/adellink.de\/karriere\/junior-consultant\/","name":"Stellenanzeige - Junior Consultant | Adel &amp; Link Public Relations","isPartOf":{"@id":"https:\/\/adellink.de\/en\/#website"},"datePublished":"2021-07-12T12:18:33+00:00","dateModified":"2026-04-01T11:54:52+00:00","breadcrumb":{"@id":"https:\/\/adellink.de\/karriere\/junior-consultant\/#breadcrumb"},"inLanguage":"en-US","potentialAction":[{"@type":"ReadAction","target":["https:\/\/adellink.de\/karriere\/junior-consultant\/"]}]},{"@type":"BreadcrumbList","@id":"https:\/\/adellink.de\/karriere\/junior-consultant\/#breadcrumb","itemListElement":[{"@type":"ListItem","position":1,"name":"Startseite","item":"https:\/\/adellink.de\/"},{"@type":"ListItem","position":2,"name":"Karriere","item":"https:\/\/adellink.de\/karriere\/"},{"@type":"ListItem","position":3,"name":"Stellenanzeige &#8211; Junior Consultant"}]},{"@type":"WebSite","@id":"https:\/\/adellink.de\/en\/#website","url":"https:\/\/adellink.de\/en\/","name":"Adel & Link Public Relations","description":"","publisher":{"@id":"https:\/\/adellink.de\/en\/#organization"},"potentialAction":[{"@type":"SearchAction","target":{"@type":"EntryPoint","urlTemplate":"https:\/\/adellink.de\/en\/?s={search_term_string}"},"query-input":{"@type":"PropertyValueSpecification","valueRequired":true,"valueName":"search_term_string"}}],"inLanguage":"en-US"},{"@type":"Organization","@id":"https:\/\/adellink.de\/en\/#organization","name":"Adel&Link Public Relations","url":"https:\/\/adellink.de\/en\/","logo":{"@type":"ImageObject","inLanguage":"en-US","@id":"https:\/\/adellink.de\/en\/#\/schema\/logo\/image\/","url":"https:\/\/adellink.de\/wp-content\/uploads\/2020\/09\/2019_al_logo_BK_300px.png","contentUrl":"https:\/\/adellink.de\/wp-content\/uploads\/2020\/09\/2019_al_logo_BK_300px.png","width":1251,"height":376,"caption":"Adel&Link Public Relations"},"image":{"@id":"https:\/\/adellink.de\/en\/#\/schema\/logo\/image\/"},"sameAs":["https:\/\/www.facebook.com\/adellinkpr\/","https:\/\/x.com\/adellinkpr","https:\/\/www.instagram.com\/adellinkpr\/?hl=de","https:\/\/www.linkedin.com\/company\/adel-&amp;-link-public-relations\/?originalSubdomain=de"]}]}},"_links":{"self":[{"href":"https:\/\/adellink.de\/en\/wp-json\/wp\/v2\/pages\/6110","targetHints":{"allow":["GET"]}}],"collection":[{"href":"https:\/\/adellink.de\/en\/wp-json\/wp\/v2\/pages"}],"about":[{"href":"https:\/\/adellink.de\/en\/wp-json\/wp\/v2\/types\/page"}],"author":[{"embeddable":true,"href":"https:\/\/adellink.de\/en\/wp-json\/wp\/v2\/users\/15"}],"replies":[{"embeddable":true,"href":"https:\/\/adellink.de\/en\/wp-json\/wp\/v2\/comments?post=6110"}],"version-history":[{"count":16,"href":"https:\/\/adellink.de\/en\/wp-json\/wp\/v2\/pages\/6110\/revisions"}],"predecessor-version":[{"id":9049,"href":"https:\/\/adellink.de\/en\/wp-json\/wp\/v2\/pages\/6110\/revisions\/9049"}],"up":[{"embeddable":true,"href":"https:\/\/adellink.de\/en\/wp-json\/wp\/v2\/pages\/34"}],"wp:attachment":[{"href":"https:\/\/adellink.de\/en\/wp-json\/wp\/v2\/media?parent=6110"}],"curies":[{"name":"wp","href":"https:\/\/api.w.org\/{rel}","templated":true}]}}