{"id":9063,"date":"2026-04-29T07:56:12","date_gmt":"2026-04-29T05:56:12","guid":{"rendered":"https:\/\/adellink.de\/?page_id=9063"},"modified":"2026-04-29T07:56:12","modified_gmt":"2026-04-29T05:56:12","slug":"stellenanzeige-praktikum","status":"publish","type":"page","link":"https:\/\/adellink.de\/en\/karriere\/stellenanzeige-praktikum\/","title":{"rendered":"Stellenanzeige &#8211; Praktikum"},"content":{"rendered":"<div class=\"wpb-content-wrapper\"><p>[vc_row css_animation=&#8221;&#8221; row_type=&#8221;row&#8221; use_row_as_full_screen_section=&#8221;no&#8221; type=&#8221;full_width&#8221; angled_section=&#8221;no&#8221; text_align=&#8221;left&#8221; background_image_as_pattern=&#8221;without_pattern&#8221; z_index=&#8221;&#8221; css=&#8221;.vc_custom_1582728729893{background-color: #f5f5f5 !important;}&#8221;][vc_column offset=&#8221;vc_hidden-sm vc_hidden-xs&#8221;][vc_empty_space height=&#8221;200px&#8221;][\/vc_column][\/vc_row][vc_row css_animation=&#8221;&#8221; row_type=&#8221;row&#8221; use_row_as_full_screen_section=&#8221;no&#8221; type=&#8221;full_width&#8221; angled_section=&#8221;no&#8221; text_align=&#8221;left&#8221; background_image_as_pattern=&#8221;without_pattern&#8221; z_index=&#8221;&#8221; css=&#8221;.vc_custom_1582728729893{background-color: #f5f5f5 !important;}&#8221;][vc_column offset=&#8221;vc_hidden-lg vc_hidden-md&#8221;][vc_empty_space height=&#8221;50px&#8221;][\/vc_column][\/vc_row][vc_row css_animation=&#8221;&#8221; row_type=&#8221;row&#8221; use_row_as_full_screen_section=&#8221;no&#8221; type=&#8221;grid&#8221; angled_section=&#8221;no&#8221; text_align=&#8221;left&#8221; background_image_as_pattern=&#8221;without_pattern&#8221; z_index=&#8221;&#8221;][vc_column css=&#8221;.vc_custom_1585702231463{padding-right: 80px !important;}&#8221; offset=&#8221;vc_hidden-lg&#8221;][vc_column_text]<\/p>\n<h2 style=\"text-align: left;\"><span style=\"color: #000000;\">Job Angebot<\/span><\/h2>\n<p>[\/vc_column_text][vc_row_inner row_type=&#8221;row&#8221; type=&#8221;full_width&#8221; text_align=&#8221;left&#8221; css_animation=&#8221;&#8221;][vc_column_inner width=&#8221;1\/4&#8243;][vc_separator type=&#8221;normal&#8221; color=&#8221;#49cad8&#8243; thickness=&#8221;5&#8243; el_class=&#8221;line_mobile&#8221;][\/vc_column_inner][vc_column_inner width=&#8221;1\/4&#8243;][\/vc_column_inner][vc_column_inner width=&#8221;1\/4&#8243;][\/vc_column_inner][vc_column_inner width=&#8221;1\/4&#8243;][\/vc_column_inner][\/vc_row_inner][\/vc_column][\/vc_row][vc_row css_animation=&#8221;&#8221; row_type=&#8221;row&#8221; use_row_as_full_screen_section=&#8221;no&#8221; type=&#8221;grid&#8221; angled_section=&#8221;no&#8221; text_align=&#8221;left&#8221; background_image_as_pattern=&#8221;without_pattern&#8221; z_index=&#8221;&#8221;][vc_column width=&#8221;1\/3&#8243; css=&#8221;.vc_custom_1585702235650{padding-right: 80px !important;}&#8221; offset=&#8221;vc_hidden-md vc_hidden-sm vc_hidden-xs&#8221;][vc_column_text el_class=&#8221;mobile black&#8221;]<\/p>\n<h2 style=\"text-align: right;\"><span style=\"color: #000000;\">Stellenanzeige<\/span><\/h2>\n<p>[\/vc_column_text][vc_row_inner row_type=&#8221;row&#8221; type=&#8221;full_width&#8221; text_align=&#8221;left&#8221; css_animation=&#8221;&#8221;][vc_column_inner width=&#8221;1\/4&#8243;][\/vc_column_inner][vc_column_inner width=&#8221;1\/4&#8243;][\/vc_column_inner][vc_column_inner width=&#8221;1\/4&#8243;][\/vc_column_inner][vc_column_inner width=&#8221;1\/4&#8243;][vc_separator type=&#8221;normal&#8221; color=&#8221;#49cad8&#8243; thickness=&#8221;5&#8243; el_class=&#8221;line_mobile&#8221;][\/vc_column_inner][\/vc_row_inner][\/vc_column][vc_column width=&#8221;2\/3&#8243;][vc_column_text css=&#8221;&#8221; el_class=&#8221;black&#8221;]<\/p>\n<h2><span style=\"color: #000000; font-size: 27px;\">Praktikum<\/span><\/h2>\n<p>[\/vc_column_text][vc_column_text el_class=&#8221;black&#8221;]M \/ W \/ D[\/vc_column_text][vc_empty_space][vc_column_text css=&#8221;&#8221; el_class=&#8221;black&#8221;] Unsere Arbeit ist inspirierend, erfrischend, spannend \u2013 und international. F\u00fcr dieses Umfeld suchen wir neugierige Kommunikationstalente, die sich zu sprachgewandten und f\u00fchrungsstarken PR-Profis entwickeln wollen. Wenn du offen auf Menschen zugehst, gerne im Team arbeitest und Freude daran hast, unterschiedliche Perspektiven und Kulturen zusammenzubringen, bist du bei uns genau richtig.<\/p>\n<p>&nbsp;<\/p>\n<p><strong>Das bringst du mit:<\/strong><\/p>\n<p>&nbsp;<\/p>\n<p>Du hast mindestens zwei Semester studiert und m\u00f6chtest mindestens drei Monate bei uns verbringen. Idealerweise hast du bereits erste praktische Erfahrungen im Bereich Kommunikation (z.B. Redaktion, PR-Agentur, Kommunikationsabteilung etc.) gesammelt. Du bist wissbegierig und zeichnest dich zudem durch Teamf\u00e4higkeit, Organisationstalent und Engagement aus. Au\u00dferdem bringst du sehr gute Englischkenntnisse mit. Wir freuen uns auf Menschen, die neue Ideen mitbringen, Mut zeigen und sich weiterentwickeln wollen.<\/p>\n<p>&nbsp;<\/p>\n<p><strong>Das erwartet dich:<\/strong><\/p>\n<p>&nbsp;<\/p>\n<p>Du tauchst tief in die Praxis einer Kommunikationsagentur ein und arbeitest aktiv im Tagesgesch\u00e4ft mit. Zudem bist du an der Umsetzung verschiedener Projekte beteiligt, z.B. aus den Bereichen Unternehmenskommunikation, Media Relations oder Events. Kleinere Aufgaben \u00fcbernimmst du selbstst\u00e4ndig \u2013 in R\u00fccksprache und mit Unterst\u00fctzung der jeweiligen Kundenteams. Du bekommst w\u00e4hrend deines Praktikums einen Einblick in viele spannende Projekte und erh\u00e4ltst gleichzeitig eine attraktive Verg\u00fctung. Das Praktikum ist als Pflichtpraktikum vorgesehen \u2013 f\u00fcr andere Praktikumsformen, sprich uns gerne einfach direkt an.<\/p>\n<p>&nbsp;<\/p>\n<p>Wir freuen uns auf deine <strong>vollst\u00e4ndige Bewerbung<\/strong> (Anschreiben, Lebenslauf, alle Zeugnisse). Bitte schick uns deine <strong>Unterlagen auf Deutsch<\/strong> an <a href=\"mailto:karriere@adellink.de\">karriere@adellink.de<\/a>.[\/vc_column_text][\/vc_column][\/vc_row][vc_row css_animation=&#8221;&#8221; row_type=&#8221;row&#8221; use_row_as_full_screen_section=&#8221;no&#8221; type=&#8221;full_width&#8221; angled_section=&#8221;no&#8221; text_align=&#8221;left&#8221; background_image_as_pattern=&#8221;without_pattern&#8221; z_index=&#8221;&#8221; css=&#8221;.vc_custom_1582728729893{background-color: #f5f5f5 !important;}&#8221;][vc_column offset=&#8221;vc_hidden-sm vc_hidden-xs&#8221;][vc_empty_space height=&#8221;200px&#8221;][\/vc_column][\/vc_row][vc_row css_animation=&#8221;&#8221; row_type=&#8221;row&#8221; use_row_as_full_screen_section=&#8221;no&#8221; type=&#8221;full_width&#8221; angled_section=&#8221;no&#8221; text_align=&#8221;left&#8221; background_image_as_pattern=&#8221;without_pattern&#8221; z_index=&#8221;&#8221; css=&#8221;.vc_custom_1582728729893{background-color: #f5f5f5 !important;}&#8221;][vc_column offset=&#8221;vc_hidden-lg vc_hidden-md&#8221;][vc_empty_space height=&#8221;50px&#8221;][\/vc_column][\/vc_row]<\/p>\n<\/div>","protected":false},"excerpt":{"rendered":"<p>[vc_row css_animation=&#8221;&#8221; row_type=&#8221;row&#8221; use_row_as_full_screen_section=&#8221;no&#8221; type=&#8221;full_width&#8221; angled_section=&#8221;no&#8221; text_align=&#8221;left&#8221; background_image_as_pattern=&#8221;without_pattern&#8221; z_index=&#8221;&#8221; css=&#8221;.vc_custom_1582728729893{background-color: #f5f5f5 !important;}&#8221;][vc_column offset=&#8221;vc_hidden-sm vc_hidden-xs&#8221;][vc_empty_space height=&#8221;200px&#8221;][\/vc_column][\/vc_row][vc_row css_animation=&#8221;&#8221; row_type=&#8221;row&#8221; use_row_as_full_screen_section=&#8221;no&#8221; type=&#8221;full_width&#8221; angled_section=&#8221;no&#8221; text_align=&#8221;left&#8221; background_image_as_pattern=&#8221;without_pattern&#8221; z_index=&#8221;&#8221; css=&#8221;.vc_custom_1582728729893{background-color: #f5f5f5 !important;}&#8221;][vc_column offset=&#8221;vc_hidden-lg vc_hidden-md&#8221;][vc_empty_space height=&#8221;50px&#8221;][\/vc_column][\/vc_row][vc_row css_animation=&#8221;&#8221; row_type=&#8221;row&#8221; use_row_as_full_screen_section=&#8221;no&#8221; type=&#8221;grid&#8221; angled_section=&#8221;no&#8221; text_align=&#8221;left&#8221; background_image_as_pattern=&#8221;without_pattern&#8221; z_index=&#8221;&#8221;][vc_column css=&#8221;.vc_custom_1585702231463{padding-right: 80px !important;}&#8221; offset=&#8221;vc_hidden-lg&#8221;][vc_column_text] Job Angebot [\/vc_column_text][vc_row_inner row_type=&#8221;row&#8221;&#8230;<\/p>\n","protected":false},"author":15,"featured_media":0,"parent":34,"menu_order":1,"comment_status":"closed","ping_status":"closed","template":"full_width.php","meta":{"_monsterinsights_skip_tracking":false,"_monsterinsights_sitenote_active":false,"_monsterinsights_sitenote_note":"","_monsterinsights_sitenote_category":0,"footnotes":""},"class_list":["post-9063","page","type-page","status-publish","hentry"],"translation":{"provider":"WPGlobus","version":"3.0.2","language":"en","enabled_languages":["de","en"],"languages":{"de":{"title":true,"content":true,"excerpt":false},"en":{"title":true,"content":false,"excerpt":false}}},"yoast_head":"<!-- This site is optimized with the Yoast SEO plugin v27.6 - https:\/\/yoast.com\/product\/yoast-seo-wordpress\/ -->\n<title>Stellenanzeige - Praktikum | Adel &amp; Link Public Relations<\/title>\n<meta name=\"robots\" content=\"index, follow, max-snippet:-1, max-image-preview:large, max-video-preview:-1\" \/>\n<link rel=\"canonical\" href=\"https:\/\/adellink.de\/karriere\/stellenanzeige-praktikum\/\" \/>\n<meta property=\"og:locale\" content=\"en_US\" \/>\n<meta property=\"og:type\" content=\"article\" \/>\n<meta property=\"og:title\" content=\"Stellenanzeige - Praktikum | Adel &amp; Link Public Relations\" \/>\n<meta property=\"og:url\" content=\"https:\/\/adellink.de\/karriere\/stellenanzeige-praktikum\/\" \/>\n<meta property=\"og:site_name\" content=\"Adel &amp; Link Public Relations\" \/>\n<meta property=\"article:publisher\" content=\"https:\/\/www.facebook.com\/adellinkpr\/\" \/>\n<meta name=\"twitter:card\" content=\"summary_large_image\" \/>\n<meta name=\"twitter:site\" content=\"@adellinkpr\" \/>\n<meta name=\"twitter:label1\" content=\"Est. reading time\" \/>\n\t<meta name=\"twitter:data1\" content=\"4 minutes\" \/>\n<script type=\"application\/ld+json\" class=\"yoast-schema-graph\">{\"@context\":\"https:\\\/\\\/schema.org\",\"@graph\":[{\"@type\":\"WebPage\",\"@id\":\"https:\\\/\\\/adellink.de\\\/karriere\\\/stellenanzeige-praktikum\\\/\",\"url\":\"https:\\\/\\\/adellink.de\\\/karriere\\\/stellenanzeige-praktikum\\\/\",\"name\":\"Stellenanzeige - Praktikum | Adel &amp; Link Public Relations\",\"isPartOf\":{\"@id\":\"https:\\\/\\\/adellink.de\\\/en\\\/#website\"},\"datePublished\":\"2026-04-29T05:56:12+00:00\",\"breadcrumb\":{\"@id\":\"https:\\\/\\\/adellink.de\\\/karriere\\\/stellenanzeige-praktikum\\\/#breadcrumb\"},\"inLanguage\":\"en-US\",\"potentialAction\":[{\"@type\":\"ReadAction\",\"target\":[\"https:\\\/\\\/adellink.de\\\/karriere\\\/stellenanzeige-praktikum\\\/\"]}]},{\"@type\":\"BreadcrumbList\",\"@id\":\"https:\\\/\\\/adellink.de\\\/karriere\\\/stellenanzeige-praktikum\\\/#breadcrumb\",\"itemListElement\":[{\"@type\":\"ListItem\",\"position\":1,\"name\":\"Startseite\",\"item\":\"https:\\\/\\\/adellink.de\\\/\"},{\"@type\":\"ListItem\",\"position\":2,\"name\":\"Karriere\",\"item\":\"https:\\\/\\\/adellink.de\\\/karriere\\\/\"},{\"@type\":\"ListItem\",\"position\":3,\"name\":\"Stellenanzeige &#8211; Praktikum\"}]},{\"@type\":\"WebSite\",\"@id\":\"https:\\\/\\\/adellink.de\\\/en\\\/#website\",\"url\":\"https:\\\/\\\/adellink.de\\\/en\\\/\",\"name\":\"Adel & Link Public Relations\",\"description\":\"\",\"publisher\":{\"@id\":\"https:\\\/\\\/adellink.de\\\/en\\\/#organization\"},\"potentialAction\":[{\"@type\":\"SearchAction\",\"target\":{\"@type\":\"EntryPoint\",\"urlTemplate\":\"https:\\\/\\\/adellink.de\\\/en\\\/?s={search_term_string}\"},\"query-input\":{\"@type\":\"PropertyValueSpecification\",\"valueRequired\":true,\"valueName\":\"search_term_string\"}}],\"inLanguage\":\"en-US\"},{\"@type\":\"Organization\",\"@id\":\"https:\\\/\\\/adellink.de\\\/en\\\/#organization\",\"name\":\"Adel&Link Public Relations\",\"url\":\"https:\\\/\\\/adellink.de\\\/en\\\/\",\"logo\":{\"@type\":\"ImageObject\",\"inLanguage\":\"en-US\",\"@id\":\"https:\\\/\\\/adellink.de\\\/en\\\/#\\\/schema\\\/logo\\\/image\\\/\",\"url\":\"https:\\\/\\\/adellink.de\\\/wp-content\\\/uploads\\\/2020\\\/09\\\/2019_al_logo_BK_300px.png\",\"contentUrl\":\"https:\\\/\\\/adellink.de\\\/wp-content\\\/uploads\\\/2020\\\/09\\\/2019_al_logo_BK_300px.png\",\"width\":1251,\"height\":376,\"caption\":\"Adel&Link Public Relations\"},\"image\":{\"@id\":\"https:\\\/\\\/adellink.de\\\/en\\\/#\\\/schema\\\/logo\\\/image\\\/\"},\"sameAs\":[\"https:\\\/\\\/www.facebook.com\\\/adellinkpr\\\/\",\"https:\\\/\\\/x.com\\\/adellinkpr\",\"https:\\\/\\\/www.instagram.com\\\/adellinkpr\\\/?hl=de\",\"https:\\\/\\\/www.linkedin.com\\\/company\\\/adel-&amp;-link-public-relations\\\/?originalSubdomain=de\"]}]}<\/script>\n<!-- \/ Yoast SEO plugin. -->","yoast_head_json":{"title":"Stellenanzeige - Praktikum | Adel &amp; Link Public Relations","robots":{"index":"index","follow":"follow","max-snippet":"max-snippet:-1","max-image-preview":"max-image-preview:large","max-video-preview":"max-video-preview:-1"},"canonical":"https:\/\/adellink.de\/karriere\/stellenanzeige-praktikum\/","og_locale":"en_US","og_type":"article","og_title":"Stellenanzeige - Praktikum | Adel &amp; Link Public Relations","og_url":"https:\/\/adellink.de\/karriere\/stellenanzeige-praktikum\/","og_site_name":"Adel &amp; Link Public Relations","article_publisher":"https:\/\/www.facebook.com\/adellinkpr\/","twitter_card":"summary_large_image","twitter_site":"@adellinkpr","twitter_misc":{"Est. reading time":"4 minutes"},"schema":{"@context":"https:\/\/schema.org","@graph":[{"@type":"WebPage","@id":"https:\/\/adellink.de\/karriere\/stellenanzeige-praktikum\/","url":"https:\/\/adellink.de\/karriere\/stellenanzeige-praktikum\/","name":"Stellenanzeige - Praktikum | Adel &amp; Link Public Relations","isPartOf":{"@id":"https:\/\/adellink.de\/en\/#website"},"datePublished":"2026-04-29T05:56:12+00:00","breadcrumb":{"@id":"https:\/\/adellink.de\/karriere\/stellenanzeige-praktikum\/#breadcrumb"},"inLanguage":"en-US","potentialAction":[{"@type":"ReadAction","target":["https:\/\/adellink.de\/karriere\/stellenanzeige-praktikum\/"]}]},{"@type":"BreadcrumbList","@id":"https:\/\/adellink.de\/karriere\/stellenanzeige-praktikum\/#breadcrumb","itemListElement":[{"@type":"ListItem","position":1,"name":"Startseite","item":"https:\/\/adellink.de\/"},{"@type":"ListItem","position":2,"name":"Karriere","item":"https:\/\/adellink.de\/karriere\/"},{"@type":"ListItem","position":3,"name":"Stellenanzeige &#8211; Praktikum"}]},{"@type":"WebSite","@id":"https:\/\/adellink.de\/en\/#website","url":"https:\/\/adellink.de\/en\/","name":"Adel & Link Public Relations","description":"","publisher":{"@id":"https:\/\/adellink.de\/en\/#organization"},"potentialAction":[{"@type":"SearchAction","target":{"@type":"EntryPoint","urlTemplate":"https:\/\/adellink.de\/en\/?s={search_term_string}"},"query-input":{"@type":"PropertyValueSpecification","valueRequired":true,"valueName":"search_term_string"}}],"inLanguage":"en-US"},{"@type":"Organization","@id":"https:\/\/adellink.de\/en\/#organization","name":"Adel&Link Public Relations","url":"https:\/\/adellink.de\/en\/","logo":{"@type":"ImageObject","inLanguage":"en-US","@id":"https:\/\/adellink.de\/en\/#\/schema\/logo\/image\/","url":"https:\/\/adellink.de\/wp-content\/uploads\/2020\/09\/2019_al_logo_BK_300px.png","contentUrl":"https:\/\/adellink.de\/wp-content\/uploads\/2020\/09\/2019_al_logo_BK_300px.png","width":1251,"height":376,"caption":"Adel&Link Public Relations"},"image":{"@id":"https:\/\/adellink.de\/en\/#\/schema\/logo\/image\/"},"sameAs":["https:\/\/www.facebook.com\/adellinkpr\/","https:\/\/x.com\/adellinkpr","https:\/\/www.instagram.com\/adellinkpr\/?hl=de","https:\/\/www.linkedin.com\/company\/adel-&amp;-link-public-relations\/?originalSubdomain=de"]}]}},"_links":{"self":[{"href":"https:\/\/adellink.de\/en\/wp-json\/wp\/v2\/pages\/9063","targetHints":{"allow":["GET"]}}],"collection":[{"href":"https:\/\/adellink.de\/en\/wp-json\/wp\/v2\/pages"}],"about":[{"href":"https:\/\/adellink.de\/en\/wp-json\/wp\/v2\/types\/page"}],"author":[{"embeddable":true,"href":"https:\/\/adellink.de\/en\/wp-json\/wp\/v2\/users\/15"}],"replies":[{"embeddable":true,"href":"https:\/\/adellink.de\/en\/wp-json\/wp\/v2\/comments?post=9063"}],"version-history":[{"count":8,"href":"https:\/\/adellink.de\/en\/wp-json\/wp\/v2\/pages\/9063\/revisions"}],"predecessor-version":[{"id":9071,"href":"https:\/\/adellink.de\/en\/wp-json\/wp\/v2\/pages\/9063\/revisions\/9071"}],"up":[{"embeddable":true,"href":"https:\/\/adellink.de\/en\/wp-json\/wp\/v2\/pages\/34"}],"wp:attachment":[{"href":"https:\/\/adellink.de\/en\/wp-json\/wp\/v2\/media?parent=9063"}],"curies":[{"name":"wp","href":"https:\/\/api.w.org\/{rel}","templated":true}]}}